{"id":168,"date":"2023-01-17T11:26:48","date_gmt":"2023-01-17T10:26:48","guid":{"rendered":"http:\/\/www.seniortrend.org\/?page_id=168"},"modified":"2023-01-17T11:52:32","modified_gmt":"2023-01-17T10:52:32","slug":"projekt-poradenske-centrum-senior-trend-n-o","status":"publish","type":"page","link":"http:\/\/www.seniortrend.org\/?page_id=168","title":{"rendered":"Projekt &#8222;Poradensk\u00e9 centrum Senior Trend, n.o.&#8220;"},"content":{"rendered":"\n<p>Od 01.11.2020 realizujeme projekt s n\u00e1zvom \u201ePoradensk\u00e9 centrum Senior Trend, n.o.\u201c, k\u00f3d projektu: 312041Y599. Cie\u013eom tohto projektu je prevencia, obmedzenie a zabr\u00e1nenie diskrimin\u00e1cie zranite\u013en\u00fdch os\u00f4b prostredn\u00edctvom nami poskytovan\u00e9ho soci\u00e1lneho poradenstva.<\/p>\n\n\n\n<figure class=\"wp-block-image size-large\"><a href=\"http:\/\/www.seniortrend.org\/wp-content\/uploads\/2023\/01\/Plagat_312041Y599.jpg\"><img decoding=\"async\" loading=\"lazy\" width=\"1024\" height=\"692\" src=\"http:\/\/www.seniortrend.org\/wp-content\/uploads\/2023\/01\/Plagat_312041Y599-1024x692.jpg\" alt=\"\" class=\"wp-image-150\" srcset=\"http:\/\/www.seniortrend.org\/wp-content\/uploads\/2023\/01\/Plagat_312041Y599-1024x692.jpg 1024w, http:\/\/www.seniortrend.org\/wp-content\/uploads\/2023\/01\/Plagat_312041Y599-300x203.jpg 300w, http:\/\/www.seniortrend.org\/wp-content\/uploads\/2023\/01\/Plagat_312041Y599-768x519.jpg 768w, http:\/\/www.seniortrend.org\/wp-content\/uploads\/2023\/01\/Plagat_312041Y599-624x421.jpg 624w, http:\/\/www.seniortrend.org\/wp-content\/uploads\/2023\/01\/Plagat_312041Y599.jpg 1457w\" sizes=\"(max-width: 1024px) 100vw, 1024px\" \/><\/a><\/figure>\n\n\n\n<p>\u201ePoradensk\u00e9 centrum Senior Trend, n.o.\u201c je projekt zameran\u00fd na pomoc najm\u00e4 pre zranite\u013en\u00e9 osoby, ale v podstate aj pre v\u0161etk\u00fdch \u013eud\u00ed, ktor\u00ed maj\u00fa \u013eubovo\u013en\u00fd probl\u00e9m, ot\u00e1zku, a nevedia ak\u00fdm sp\u00f4sobom ju rie\u0161i\u0165, kam sa pri rie\u0161en\u00ed obr\u00e1ti\u0165, nemaj\u00fa zru\u010dnosti a schopnosti kontaktova\u0165 \u00farady a pod. Cie\u013eom projektu je prevecia a elimin\u00e1cia diskrimin\u00e1cie tak\u00fdchto os\u00f4b prostredn\u00edctvom poskytovania soci\u00e1lneho poradenstva, ktor\u00e9 zabezpe\u010duje informovanos\u0165 o sp\u00f4sobe rie\u0161enia probl\u00e9mu a poskytuje maxim\u00e1lnu mo\u017en\u00fa podporu pri jeho rie\u0161en\u00ed.<\/p>\n\n\n\n<p>Poradenstvo poskytujeme prostredn\u00edctvom dvoch pracovn\u00edkov, v priestoroch n\u00e1\u0161ho s\u00eddla, v \u010dasoch: <\/p>\n\n\n\n<div class=\"is-layout-constrained wp-block-group\"><div class=\"wp-block-group__inner-container\">\n<p><strong>Pondelok: 08:00 &#8211; 14:00 <\/strong><\/p>\n\n\n\n<p><strong>Utorok: 08:00 &#8211; 14:00 <\/strong><\/p>\n\n\n\n<p><strong>Streda: 08:00 &#8211; 11:30  12:00 &#8211; 16:30<\/strong><\/p>\n<\/div><\/div>\n\n\n\n<p><strong>Obr\u00e1ti\u0165 sa n\u00e1s m\u00f4\u017eete aj telefonicky na \u010d\u00edslach: 0948 279 971 a 0948 293 297<\/strong><\/p>\n","protected":false},"excerpt":{"rendered":"<p>Od 01.11.2020 realizujeme projekt s n\u00e1zvom \u201ePoradensk\u00e9 centrum Senior Trend, n.o.\u201c, k\u00f3d projektu: 312041Y599. Cie\u013eom tohto projektu je prevencia, obmedzenie a zabr\u00e1nenie diskrimin\u00e1cie zranite\u013en\u00fdch os\u00f4b prostredn\u00edctvom nami poskytovan\u00e9ho soci\u00e1lneho poradenstva. \u201ePoradensk\u00e9 centrum Senior Trend, n.o.\u201c je projekt zameran\u00fd na pomoc najm\u00e4 pre zranite\u013en\u00e9 osoby, ale v podstate aj pre v\u0161etk\u00fdch \u013eud\u00ed, ktor\u00ed maj\u00fa \u013eubovo\u013en\u00fd probl\u00e9m, [&hellip;]<\/p>\n","protected":false},"author":1,"featured_media":0,"parent":149,"menu_order":0,"comment_status":"closed","ping_status":"closed","template":"","meta":[],"_links":{"self":[{"href":"http:\/\/www.seniortrend.org\/index.php?rest_route=\/wp\/v2\/pages\/168"}],"collection":[{"href":"http:\/\/www.seniortrend.org\/index.php?rest_route=\/wp\/v2\/pages"}],"about":[{"href":"http:\/\/www.seniortrend.org\/index.php?rest_route=\/wp\/v2\/types\/page"}],"author":[{"embeddable":true,"href":"http:\/\/www.seniortrend.org\/index.php?rest_route=\/wp\/v2\/users\/1"}],"replies":[{"embeddable":true,"href":"http:\/\/www.seniortrend.org\/index.php?rest_route=%2Fwp%2Fv2%2Fcomments&post=168"}],"version-history":[{"count":5,"href":"http:\/\/www.seniortrend.org\/index.php?rest_route=\/wp\/v2\/pages\/168\/revisions"}],"predecessor-version":[{"id":177,"href":"http:\/\/www.seniortrend.org\/index.php?rest_route=\/wp\/v2\/pages\/168\/revisions\/177"}],"up":[{"embeddable":true,"href":"http:\/\/www.seniortrend.org\/index.php?rest_route=\/wp\/v2\/pages\/149"}],"wp:attachment":[{"href":"http:\/\/www.seniortrend.org\/index.php?rest_route=%2Fwp%2Fv2%2Fmedia&parent=168"}],"curies":[{"name":"wp","href":"https:\/\/api.w.org\/{rel}","templated":true}]}}